{"id":3618,"date":"2025-03-21T19:02:32","date_gmt":"2025-03-21T18:02:32","guid":{"rendered":"https:\/\/restaurantretour.dk\/?page_id=3618"},"modified":"2025-03-21T19:02:32","modified_gmt":"2025-03-21T18:02:32","slug":"wine","status":"publish","type":"page","link":"https:\/\/restaurantretour.dk\/en\/wine\/","title":{"rendered":"Wine"},"content":{"rendered":"<div class=\"\"><table style=\"margin: 0 auto\"><tr><td class=\"text-center\" colspan=\"3\"><h3 id=\"wine_by_the_glass\" class=\"anchor font-bold mb-2 text-2xl mt-16\">Wine by the glass<\/h3><\/td><\/tr><tr><td class=\"text-center\" colspan=\"3\"><h4 id=\"bubbles\" class=\"anchor font-bold mb-2 text-xl mt-6\">Bubbles<\/h4><\/td><\/tr><tr><td class=\"py-1 px-4\">N.V. Cr\u00e9mant Brut - Le Grande Classique - Bruno Dangin - Bourgogne<\/td><td class=\"py-1 px-4\">100,-<\/td><\/tr><tr><td class=\"py-1 px-4\">N.V. Blanc de Blancs - Grand Cru - Franck Bonville - Champagne<\/td><td class=\"py-1 px-4\">145,-<\/td><\/tr><tr><td class=\"text-center\" colspan=\"3\"><h4 id=\"ros\u00e9\" class=\"anchor font-bold mb-2 text-xl mt-6\">Ros\u00e9<\/h4><\/td><\/tr><tr><td class=\"py-1 px-4\">2022 Same River Twice Ros\u00e9 - Heliocentric Wines - Rh\u00f4ne<\/td><td class=\"py-1 px-4\">80,-<\/td><\/tr><tr><td class=\"text-center\" colspan=\"3\"><h4 id=\"white\" class=\"anchor font-bold mb-2 text-xl mt-6\">White<\/h4><\/td><\/tr><tr><td class=\"py-1 px-4\">2024 Riesling - Trocken - Scheuermann - Pfalz<\/td><td class=\"py-1 px-4\">80,-<\/td><\/tr><tr><td class=\"py-1 px-4\">2023 Bianco M\u00f6ni - Cantina Furlani - Alto Adige<\/td><td class=\"py-1 px-4\">90,-<\/td><\/tr><tr><td class=\"py-1 px-4\">2023 Sancerre - Paul Prieur - Loire <\/td><td class=\"py-1 px-4\">135,-<\/td><\/tr><tr><td class=\"py-1 px-4\">2024 Chablis - Terroir de Chich\u00e9e - Patrick Piuze - Bourgogne<\/td><td class=\"py-1 px-4\">150,-<\/td><\/tr><tr><td class=\"text-center\" colspan=\"3\"><h4 id=\"red\" class=\"anchor font-bold mb-2 text-xl mt-6\">Red<\/h4><\/td><\/tr><tr><td class=\"py-1 px-4\">2024 C\u00f4tes du Rh\u00f4ne - Domaine des Bacchantes - Rh\u00f4ne<\/td><td class=\"py-1 px-4\">80,-<\/td><\/tr><tr><td class=\"py-1 px-4\">2024 Sp68 - Arianna Occhipinti - Sicilien<\/td><td class=\"py-1 px-4\">105,-<\/td><\/tr><tr><td class=\"py-1 px-4\">2024 Bourgogne Rouge - La S\u0153ur Cadette<\/td><td class=\"py-1 px-4\">125,-<\/td><\/tr><tr><td class=\"py-1 px-4\">2022 Emilien - Chateau le Puy - Bordeaux<\/td><td class=\"py-1 px-4\">170,-<\/td><\/tr><tr><td class=\"text-center\" colspan=\"3\"><h4 id=\"sweet\" class=\"anchor font-bold mb-2 text-xl mt-6\">Sweet<\/h4><\/td><\/tr><tr><td class=\"py-1 px-4\">2018 Feminam - Malus X - Cold Hand Winery - Denmark<\/td><td class=\"py-1 px-4\">95,-<\/td><\/tr><tr><td class=\"py-1 px-4\">N.V. Otima 10 Year Old Tawny - Warre's<\/td><td class=\"py-1 px-4\">100,-<\/td><\/tr><tr><td class=\"py-1 px-4\">2013 Sauternes - Carmes de Rieussec - Bordeaux<\/td><td class=\"py-1 px-4\">160,-<\/td><\/tr><tr><td class=\"text-center\" colspan=\"3\"><h4 id=\"non-alcoholic\" class=\"anchor font-bold mb-2 text-xl mt-6\">Non-alcoholic<\/h4><\/td><\/tr><tr><td class=\"py-1 px-4\">N.V. Passing Clouds - Muri - K\u00f8benhavn<\/td><td class=\"py-1 px-4\">75,-<\/td><\/tr><tr><td class=\"py-1 px-4\">N.V. Fade to Black - Muri - K\u00f8benhavn<\/td><td class=\"py-1 px-4\">75,-<\/td><\/tr><tr><td class=\"text-center\" colspan=\"3\"><h4 id=\"unlimited_filtered_water_per_person_39,-\" class=\"anchor font-bold mb-2 text-xl mt-6\">Unlimited filtered water per person 39,-<\/h4><\/td><\/tr><tr><td class=\"text-center\" colspan=\"3\"><h4 id=\"bubbles\" class=\"anchor font-bold mb-2 text-xl mt-6\">Bubbles<\/h4><\/td><\/tr><tr><td class=\"py-1 px-4\">2023 Cava - Pregadeau - Els Vinyerons - Pened\u00e8s<\/td><td class=\"py-1 px-4\">350<\/td><\/tr><tr><td class=\"py-1 px-4\">N.V. Cr\u00e9mant Brut - Le Grande Classique - Bruno Dangin - Bourgogne<\/td><td class=\"py-1 px-4\">500<\/td><\/tr><tr><td class=\"py-1 px-4\">N.V. Ultradition - Extra Brut - Laherte Fr\u00e8res - Champagne<\/td><td class=\"py-1 px-4\">800<\/td><\/tr><tr><td class=\"py-1 px-4\">N.V. Blanc de Blancs - Grand Cru - Franck Bonville - Champagne<\/td><td class=\"py-1 px-4\">850<\/td><\/tr><tr><td class=\"py-1 px-4\">N.V. Triptyque - Brut Nature - Stroebel - Champagne<\/td><td class=\"py-1 px-4\">1250<\/td><\/tr><tr><td class=\"py-1 px-4\">2023 Chamery 1. Cru - Grande Cuv\u00e9e - Thomas Perseval - Champagne<\/td><td class=\"py-1 px-4\">1450<\/td><\/tr><tr><td class=\"py-1 px-4\">2016 Les Empreintes - Extra Brut - Laherte Fr\u00e8res - Champagne<\/td><td class=\"py-1 px-4\">1550<\/td><\/tr><tr><td class=\"text-center\" colspan=\"3\"><h4 id=\"magnum_bubbles\" class=\"anchor font-bold mb-2 text-xl mt-6\">Magnum bubbles<\/h4><\/td><\/tr><tr><td class=\"py-1 px-4\">N.V. Cr\u00e9mant Brut - Cuv\u00e9e Blanche - Bruno Dangin - Bourgogne<\/td><td class=\"py-1 px-4\">1000<\/td><\/tr><tr><td class=\"py-1 px-4\">N.V. Blanc de Blancs - Grand Cru - Franck Bonville - Champagne<\/td><td class=\"py-1 px-4\">1700<\/td><\/tr><tr><td class=\"py-1 px-4\">N.V. Blanc de Blancs - Laherte Fr\u00e8res - Champagne<\/td><td class=\"py-1 px-4\">1900<\/td><\/tr><tr><td class=\"text-center\" colspan=\"3\"><h4 id=\"orange\" class=\"anchor font-bold mb-2 text-xl mt-6\">Orange<\/h4><\/td><\/tr><tr><td class=\"py-1 px-4\">2022 Eros - Les Vins Pirouettes - Alsace<\/td><td class=\"py-1 px-4\">400<\/td><\/tr><tr><td class=\"py-1 px-4\">2022 Vej 240 - Bianco Antico - Podere Pradarolo Emilia-Romagna<\/td><td class=\"py-1 px-4\">450<\/td><\/tr><tr><td class=\"py-1 px-4\">2021 Malvasia - Skerlj - Friuli<\/td><td class=\"py-1 px-4\">700<\/td><\/tr><tr><td class=\"py-1 px-4\">2018 O...... - Radikon - Friuli - 1 L.<\/td><td class=\"py-1 px-4\">1200<\/td><\/tr><tr><td class=\"py-1 px-4\">2022 Serragghia Bianco - Gabrio Bini - Pantelleria<\/td><td class=\"py-1 px-4\">1300<\/td><\/tr><tr><td class=\"text-center\" colspan=\"3\"><h4 id=\"ros\u00e9\" class=\"anchor font-bold mb-2 text-xl mt-6\">Ros\u00e9<\/h4><\/td><\/tr><tr><td class=\"py-1 px-4\">2022 Same River Twice Ros\u00e9 - Heliocentric Wines - Rh\u00f4ne<\/td><td class=\"py-1 px-4\">400<\/td><\/tr><tr><td class=\"text-center\" colspan=\"3\"><h4 id=\"white\" class=\"anchor font-bold mb-2 text-xl mt-6\">White<\/h4><\/td><\/tr><tr><td class=\"py-1 px-4\">2024 Riesling - Trocken - Scheuermann - Pfalz<\/td><td class=\"py-1 px-4\">400<\/td><\/tr><tr><td class=\"py-1 px-4\">2024 Weissburgunder & Chardonnay - Weingut Scheuermann - Pfalz<\/td><td class=\"py-1 px-4\">400<\/td><\/tr><tr><td class=\"py-1 px-4\">2023 Bianco M\u00f6ni - Cantina Furlani - Alto Adige<\/td><td class=\"py-1 px-4\">425<\/td><\/tr><tr><td class=\"py-1 px-4\">2024 Sauvignon Blanc - Herv\u00e9 Villemade - Loire<\/td><td class=\"py-1 px-4\">450<\/td><\/tr><tr><td class=\"py-1 px-4\">2024 Viaria - Il Mortellito - Sicilien<\/td><td class=\"py-1 px-4\">450<\/td><\/tr><tr><td class=\"py-1 px-4\">2024 Bourgogne Aligot\u00e9, Limone - C\u00e9line&Laurent Tripoz - Bourgogne<\/td><td class=\"py-1 px-4\">500<\/td><\/tr><tr><td class=\"py-1 px-4\">2023 Bourgogne V\u00e9zelay - La Pi\u00e8cette - Cadette - Bourgogne<\/td><td class=\"py-1 px-4\">550<\/td><\/tr><tr><td class=\"py-1 px-4\">2023 Bourgogne Blanc - Arnaud Combier - Bourgogne<\/td><td class=\"py-1 px-4\">600<\/td><\/tr><tr><td class=\"py-1 px-4\">2023 Bodillons - Savagnin - Domaine de La Patelle - Jura<\/td><td class=\"py-1 px-4\">650<\/td><\/tr><tr><td class=\"py-1 px-4\">2023 Sancerre - Paul Prieur - Loire <\/td><td class=\"py-1 px-4\">675<\/td><\/tr><tr><td class=\"py-1 px-4\">2023 Saumur Blanc - Chateau Yvonne - Loire<\/td><td class=\"py-1 px-4\">700<\/td><\/tr><tr><td class=\"py-1 px-4\">2024 Chablis - Terroir de Chich\u00e9e - Patrick Piuze - Bourgogne<\/td><td class=\"py-1 px-4\">750<\/td><\/tr><tr><td class=\"py-1 px-4\">2022 Feel Good - Savagnin - Fr\u00e9d\u00e9ric Cossard - Jura<\/td><td class=\"py-1 px-4\">750<\/td><\/tr><tr><td class=\"py-1 px-4\">2021 Melaphyr Riesling - Christopher Barth - Rheinhessen<\/td><td class=\"py-1 px-4\">800<\/td><\/tr><tr><td class=\"py-1 px-4\">2022 Sancerre Blanc - Les Amoureuses - Fran\u00e7ois Crochet - Loire<\/td><td class=\"py-1 px-4\">800<\/td><\/tr><tr><td class=\"py-1 px-4\">2022 Aligot\u00e9 - Love and Pif - Yann Durieux - Bourgogne<\/td><td class=\"py-1 px-4\">850<\/td><\/tr><tr><td class=\"py-1 px-4\">2023 Bourgogne Blanc - Bigotes - Fr\u00e9d\u00e9ric Cossard<\/td><td class=\"py-1 px-4\">850<\/td><\/tr><tr><td class=\"py-1 px-4\">2020 Pernand-Vergelesses - Clarisse de Suremain - Bourgogne<\/td><td class=\"py-1 px-4\">1000<\/td><\/tr><tr><td class=\"py-1 px-4\">2024 Chablis 1. Cru - Butteaux - Patrick Piuze <\/td><td class=\"py-1 px-4\">1000<\/td><\/tr><tr><td class=\"py-1 px-4\">2023 Auxey-Duresses - Les Haut\u00e9s - Pierre Boisson - Bourgogne<\/td><td class=\"py-1 px-4\">1400<\/td><\/tr><tr><td class=\"py-1 px-4\">2022 Meursault - Sous la Velle - Jean-Luc Burguet - Bourgogne<\/td><td class=\"py-1 px-4\">1600<\/td><\/tr><tr><td class=\"py-1 px-4\">2016 Puligny-Montrachet 1.Cru - Les Folati\u00e8res - Caillot - Bourgogne<\/td><td class=\"py-1 px-4\">1700<\/td><\/tr><tr><td class=\"py-1 px-4\">2020 Chassagne-Montrachet 1.Cru - Cossard - Bourgogne<\/td><td class=\"py-1 px-4\">2000<\/td><\/tr><tr><td class=\"py-1 px-4\">2019 Puligny-Montrachet 1.Cru - Les Folati\u00e8res - Cossard - Bourgogne<\/td><td class=\"py-1 px-4\">3900<\/td><\/tr><tr><td class=\"text-center\" colspan=\"3\"><h4 id=\"red\" class=\"anchor font-bold mb-2 text-xl mt-6\">Red<\/h4><\/td><\/tr><tr><td class=\"py-1 px-4\">2024 C\u00f4tes du Rh\u00f4ne - Domaine des Bacchantes - Rh\u00f4ne<\/td><td class=\"py-1 px-4\">375<\/td><\/tr><tr><td class=\"py-1 px-4\">2021 Pinot Noir - Arnaud Combier - Beaujolais<\/td><td class=\"py-1 px-4\">400<\/td><\/tr><tr><td class=\"py-1 px-4\">2024 Barbera - Brich - Agricola Gaia - Piemonte<\/td><td class=\"py-1 px-4\">400<\/td><\/tr><tr><td class=\"py-1 px-4\">2023 Beaujolais Villages - Pr\u00e9mices - Dufaitre - Beaujolais<\/td><td class=\"py-1 px-4\">425<\/td><\/tr><tr><td class=\"py-1 px-4\">2023 Beaujolais Villages - V.V. - Jean-Claude Lapalu - Beaujolais<\/td><td class=\"py-1 px-4\">450<\/td><\/tr><tr><td class=\"py-1 px-4\">2022 St Julien en St Alban - Eric Texier - Rh\u00f4ne<\/td><td class=\"py-1 px-4\">450<\/td><\/tr><tr><td class=\"py-1 px-4\">2024 Arc - Absurde G\u00e9nie des Fleurs  - Languedoc<\/td><td class=\"py-1 px-4\">500<\/td><\/tr><tr><td class=\"py-1 px-4\">2024 Sp68 - Arianna Occhipinti - Sicilien<\/td><td class=\"py-1 px-4\">525<\/td><\/tr><tr><td class=\"py-1 px-4\">2022 Barbera d'Alba - Pugnane - Mario Marengo - Piemonte<\/td><td class=\"py-1 px-4\">550<\/td><\/tr><tr><td class=\"py-1 px-4\">2023 Vulkanstoff - Julius H\u00f6fflin - Baden<\/td><td class=\"py-1 px-4\">550<\/td><\/tr><tr><td class=\"py-1 px-4\">2024 Bourgogne Rouge - La S\u0153ur Cadette - Bourgogne<\/td><td class=\"py-1 px-4\">600<\/td><\/tr><tr><td class=\"py-1 px-4\">2024 Langhe Nebbiolo - Piero Busso - Neive - Piemonte<\/td><td class=\"py-1 px-4\">650<\/td><\/tr><tr><td class=\"py-1 px-4\">2023 Sancerre Rouge - Pinot Noir - Paul Prieur - Loire<\/td><td class=\"py-1 px-4\">650<\/td><\/tr><tr><td class=\"py-1 px-4\">2023 Hautes-C\u00f4tes de Beaune - Domaine de Mandelot <\/td><td class=\"py-1 px-4\">700<\/td><\/tr><tr><td class=\"py-1 px-4\">2022 Ch\u00e2teauneuf-Du-Pape - Domaine Pignan - Rh\u00f4ne<\/td><td class=\"py-1 px-4\">750<\/td><\/tr><tr><td class=\"py-1 px-4\">2022 La Louve - Moulin de Rameau - Auvergne<\/td><td class=\"py-1 px-4\">750<\/td><\/tr><tr><td class=\"py-1 px-4\">2021 Rosso di Montalcino - Fonterenza - Toscana<\/td><td class=\"py-1 px-4\">800<\/td><\/tr><tr><td class=\"py-1 px-4\">2024 Damnare Anno MMXXIV - Brice Martin - Bourgogne<\/td><td class=\"py-1 px-4\">800<\/td><\/tr><tr><td class=\"py-1 px-4\">2022 Emilien - Chateau le Puy - Bordeaux<\/td><td class=\"py-1 px-4\">850<\/td><\/tr><tr><td class=\"py-1 px-4\">2022 Saint-Joseph Madloba - Domaine des Miquettes - Rh\u00f4ne<\/td><td class=\"py-1 px-4\">850<\/td><\/tr><tr><td class=\"py-1 px-4\">2022 Barolo - Mario Marengo - Piemonte<\/td><td class=\"py-1 px-4\">900<\/td><\/tr><tr><td class=\"py-1 px-4\">2023 Bourgogne Rouge - Bedeau - Qvevris - Cossard - Bourgogne<\/td><td class=\"py-1 px-4\">900<\/td><\/tr><tr><td class=\"py-1 px-4\">2022 Barbaresco - Mondino - Piero Busso - Piemonte<\/td><td class=\"py-1 px-4\">1000<\/td><\/tr><tr><td class=\"py-1 px-4\">2022 Chorey-les-Beaune - Antoine Petitprez - Bourgogne<\/td><td class=\"py-1 px-4\">1000<\/td><\/tr><tr><td class=\"py-1 px-4\">2022 Ch\u00e2teauneuf-Du-Pape - V.V. - Eric Texier - Rh\u00f4ne<\/td><td class=\"py-1 px-4\">1100<\/td><\/tr><tr><td class=\"py-1 px-4\">2023 C\u00f4te de Nuits Villages - Emphase - Lienhardt - Bourgogne<\/td><td class=\"py-1 px-4\">1150<\/td><\/tr><tr><td class=\"py-1 px-4\">2022 Gevrey-Chambertin - Symphonie - Burguet - Bourgogne<\/td><td class=\"py-1 px-4\">1300<\/td><\/tr><tr><td class=\"py-1 px-4\">2023 Pommard - \"R\u00eave Am\u00e9ricain\" - Vin No\u00e9 - Bourgogne<\/td><td class=\"py-1 px-4\">1500<\/td><\/tr><tr><td class=\"py-1 px-4\">2022 C\u00f4te-R\u00f4tie - Thibaud Capellaro - Rh\u00f4ne<\/td><td class=\"py-1 px-4\">1550<\/td><\/tr><tr><td class=\"py-1 px-4\">2017 Brunello di Montalcino - Fonterenza - Toscana<\/td><td class=\"py-1 px-4\">1600<\/td><\/tr><tr><td class=\"py-1 px-4\">2023 C\u00f4te de Nuits - Aux Montagnes - Charles Lachaux - Bourgogne<\/td><td class=\"py-1 px-4\">1750<\/td><\/tr><tr><td class=\"py-1 px-4\">2022 Vosne-Roman\u00e9e - Jean-Luc Burguet - Bourgogne<\/td><td class=\"py-1 px-4\">1800<\/td><\/tr><tr><td class=\"py-1 px-4\">2023 Chambolle Musigny - La Maison Romane <\/td><td class=\"py-1 px-4\">1900<\/td><\/tr><tr><td class=\"py-1 px-4\">2023 Nuits Saint Georges - Damodes - Qvevris - Cossard - Bourgogne<\/td><td class=\"py-1 px-4\">2000<\/td><\/tr><tr><td class=\"py-1 px-4\">2019 Barth\u00e9lemy - Ch\u00e2teau le Puy - Bordeaux<\/td><td class=\"py-1 px-4\">2100<\/td><\/tr><tr><td class=\"py-1 px-4\">2023 Gevrey Chambertin - Les Genevri\u00e8res - Cossard - Bourgogne<\/td><td class=\"py-1 px-4\">2200<\/td><\/tr><tr><td class=\"py-1 px-4\">2023 Nuits Saint Georges - Charmotte - Charles Lachaux - Bourgogne<\/td><td class=\"py-1 px-4\">3000<\/td><\/tr><tr><td class=\"py-1 px-4\">2008 Barth\u00e9lemy - Ch\u00e2teau le Puy - Bordeaux<\/td><td class=\"py-1 px-4\">3300<\/td><\/tr><tr><td class=\"py-1 px-4\">2019 GC - Yann Durieux - Bourgogne<\/td><td class=\"py-1 px-4\">4000<\/td><\/tr><tr><td class=\"py-1 px-4\">2022 Corton Les Chaumes - Grand Cru - Frat\u00e9 - Bourgogne<\/td><td class=\"py-1 px-4\">4900<\/td><\/tr><tr><td class=\"text-center\" colspan=\"3\"><h4 id=\"red_magnum\" class=\"anchor font-bold mb-2 text-xl mt-6\">Red Magnum<\/h4><\/td><\/tr><tr><td class=\"py-1 px-4\">2021 Chatons de Garde - Syrah - Andrea Calek - Ardeche<\/td><td class=\"py-1 px-4\">850<\/td><\/tr><tr><td class=\"py-1 px-4\">2023 Barbera d'Alba - Pugnane - Mario Marengo<\/td><td class=\"py-1 px-4\">1000<\/td><\/tr><tr><td class=\"py-1 px-4\">2021 Chianti Classico - Montesecondo - Toscana<\/td><td class=\"py-1 px-4\">1000<\/td><\/tr><tr><td class=\"py-1 px-4\">2023 Hautes-C\u00f4tes de Beaune - Domaine de Mandelot - Bourgogne<\/td><td class=\"py-1 px-4\">1600<\/td><\/tr><tr><td class=\"py-1 px-4\">2022 Emilien - Chateau le Puy - Bordeaux<\/td><td class=\"py-1 px-4\">1700<\/td><\/tr><tr><td class=\"py-1 px-4\">2018 Rosso di Montalcino - Alberello - Fonterenza - Toscana<\/td><td class=\"py-1 px-4\">2000<\/td><\/tr><tr><td class=\"py-1 px-4\">2020 Ch\u00e2teauneuf-Du-Pape - V.V. - Eric Texier - Rh\u00f4ne<\/td><td class=\"py-1 px-4\">2200<\/td><\/tr><tr><td class=\"py-1 px-4\">2022 Gevrey-Chambertin - Mes Favorites - Burguet - Bourgogne<\/td><td class=\"py-1 px-4\">2600<\/td><\/tr><tr><td class=\"text-center\" colspan=\"3\"><h4 id=\"sweet\" class=\"anchor font-bold mb-2 text-xl mt-6\">Sweet<\/h4><\/td><\/tr><tr><td class=\"py-1 px-4\">2024 Bugey Cerdon - Renardat Fache - Bugey<\/td><td class=\"py-1 px-4\">400<\/td><\/tr><tr><td class=\"py-1 px-4\">2008 Blanc de Noir - Cuv\u00e9e Excellence - Binner - Alsace - 37,5 Cl.<\/td><td class=\"py-1 px-4\">500<\/td><\/tr><tr><td class=\"py-1 px-4\">2018 Feminam - Malus X - Cold Hand Winery - Denmark<\/td><td class=\"py-1 px-4\">550<\/td><\/tr><tr><td class=\"py-1 px-4\">2013 Sauternes - Carmes de Rieussec - Bordeaux - 37,5 Cl.<\/td><td class=\"py-1 px-4\">650<\/td><\/tr><tr><td class=\"py-1 px-4\">N.V. Otima 10 Year Old Tawny - Warre's<\/td><td class=\"py-1 px-4\">650<\/td><\/tr><\/table><\/div>\n","protected":false},"excerpt":{"rendered":"","protected":false},"author":1,"featured_media":0,"parent":0,"menu_order":0,"comment_status":"closed","ping_status":"closed","template":"","meta":{"_acf_changed":false,"footnotes":""},"class_list":["post-3618","page","type-page","status-publish","hentry"],"acf":[],"_links":{"self":[{"href":"https:\/\/restaurantretour.dk\/en\/wp-json\/wp\/v2\/pages\/3618","targetHints":{"allow":["GET"]}}],"collection":[{"href":"https:\/\/restaurantretour.dk\/en\/wp-json\/wp\/v2\/pages"}],"about":[{"href":"https:\/\/restaurantretour.dk\/en\/wp-json\/wp\/v2\/types\/page"}],"author":[{"embeddable":true,"href":"https:\/\/restaurantretour.dk\/en\/wp-json\/wp\/v2\/users\/1"}],"replies":[{"embeddable":true,"href":"https:\/\/restaurantretour.dk\/en\/wp-json\/wp\/v2\/comments?post=3618"}],"version-history":[{"count":1,"href":"https:\/\/restaurantretour.dk\/en\/wp-json\/wp\/v2\/pages\/3618\/revisions"}],"predecessor-version":[{"id":3619,"href":"https:\/\/restaurantretour.dk\/en\/wp-json\/wp\/v2\/pages\/3618\/revisions\/3619"}],"wp:attachment":[{"href":"https:\/\/restaurantretour.dk\/en\/wp-json\/wp\/v2\/media?parent=3618"}],"curies":[{"name":"wp","href":"https:\/\/api.w.org\/{rel}","templated":true}]}}