{"id":2336,"date":"2021-04-14T19:56:12","date_gmt":"2021-04-14T17:56:12","guid":{"rendered":"https:\/\/gloube.shiftit.dk\/retour-vesterbro\/menu\/menu-card\/"},"modified":"2025-11-03T12:36:11","modified_gmt":"2025-11-03T11:36:11","slug":"menu-card","status":"publish","type":"page","link":"https:\/\/restaurantretour.dk\/en\/menu\/menu-card\/","title":{"rendered":"Menu"},"content":{"rendered":"<div class=\"menu\">\n      <div class=\"menu-section\">\n      <h2>\n        SET MENU\n      <\/h2>\n                      \n        \n        <div class=\"menu-line\">\n          <h3>\n            Bistro Menu\n          <\/h3>\n                      <p>\n              Ravioli, peas, parmesan, mascarpone, lemon zest<br \/>\r\n*<br \/>\r\nNeck fillet of Porc Noir de Bigorre<br \/>\r\nPommes pur\u00e9, salsa verde, peas \u00e0 la francase, thyme jus<br \/>\r\n*<br \/>\r\nLemon tart<br \/>\r\nPistachio ice cream, meringue\n            <\/p>\n                                              <p>\n                425\n              <\/p>\n                              <\/div>\n                              \n        \n        <div class=\"menu-line\">\n          <h3>\n            Retour menu\n          <\/h3>\n                      <p>\n              Cold-smoked salmon, chives, spring onions, trout roe<br \/>\r\n*<br \/>\r\n225g Striploin<br \/>\r\nHand-cut pommes frites, sauce Bearnaise<br \/>\r\n*<br \/>\r\nCr\u00e8me br\u00fbl\u00e9e<br \/>\r\nCaramelized white chocolate, mango ice cream\n            <\/p>\n                                              <p>\n                599\n              <\/p>\n                              <\/div>\n                  <\/div>\n      <div class=\"menu-section\">\n      <h2>\n        SNACKS\n      <\/h2>\n                      \n        \n        <div class=\"menu-line\">\n          <h3>\n            Soft boiled quail egg\n          <\/h3>\n                      <p>\n              Rossini Oscietra caviar, aioli\n            <\/p>\n                                              <p>\n                1 pcs 50\n              <\/p>\n                              <\/div>\n                              \n        \n        <div class=\"menu-line\">\n          <h3>\n            Fried oysters\n          <\/h3>\n                      <p>\n              Gochujang, gochugaru, yuzu mayo \n            <\/p>\n                                              <p>\n                1 pcs 55\n              <\/p>\n                              <\/div>\n                              \n        \n        <div class=\"menu-line\">\n          <h3>\n            3 types of oysters\n          <\/h3>\n                      <p>\n              &#8211; Chili, cilantro, finger lime<br \/>\r\n&#8211; Sea buckthorn, Kalix vendace roe<br \/>\r\n&#8211; Buttermilk, dill, cucumber<br \/>\r\n\n            <\/p>\n                                              <p>\n                195\n              <\/p>\n                              <\/div>\n                                            \n        \n        <div class=\"menu-line\">\n          <h3>\n            Croustade\n          <\/h3>\n                      <p>\n              Chutoro tuna tartare, kimchi, soy, sesame\t\n            <\/p>\n                                              <p>\n                1 pcs. 60\n              <\/p>\n                              <\/div>\n                                            \n        \n        <div class=\"menu-line\">\n          <h3>\n            Iberian ham\n          <\/h3>\n                      <p>\n              Salted almonds\t\n            <\/p>\n                                              <p>\n                110\n              <\/p>\n                              <\/div>\n                              \n        \n        <div class=\"menu-line\">\n          <h3>\n            Fjord shrimps\n          <\/h3>\n                      <p>\n              Butter fried bread, lemon mayo\n            <\/p>\n                                              <p>\n                145\n              <\/p>\n                              <\/div>\n                              \n        \n        <div class=\"menu-line\">\n          <h3>\n            Grilled danish lobster\n          <\/h3>\n                      <p>\n              Fried brioche, pickled tomato\t\n            <\/p>\n                                              <p>\n                1 pcs. 165\n              <\/p>\n                              <\/div>\n                  <\/div>\n      <div class=\"menu-section\">\n      <h2>\n        STARTERS\n      <\/h2>\n                                    \n        \n        <div class=\"menu-line\">\n          <h3>\n            Ravioli\n          <\/h3>\n                      <p>\n              Peas, parmesan, mascarpone, lemon zest\n            <\/p>\n                                              <p>\n                95\n              <\/p>\n                              <\/div>\n                              \n        \n        <div class=\"menu-line\">\n          <h3>\n            Cold-smoked salmon\n          <\/h3>\n                      <p>\n              Chives, spring onions, trout roe\t\n            <\/p>\n                                              <p>\n                125\n              <\/p>\n                              <\/div>\n                              \n        \n        <div class=\"menu-line\">\n          <h3>\n            Beef tataki\n          <\/h3>\n                      <p>\n              White soy, cocoa juice, ginger, yuzu-kosho\n            <\/p>\n                                              <p>\n                150\n              <\/p>\n                              <\/div>\n                              \n        \n        <div class=\"menu-line\">\n          <h3>\n            White asparagus\n          <\/h3>\n                      <p>\n              Lumpfish roe, hollandaise, grapefruit \n            <\/p>\n                                              <p>\n                225\n              <\/p>\n                              <\/div>\n                  <\/div>\n      <div class=\"menu-section\">\n      <h2>\n        STEAK\n      <\/h2>\n                      \n        \n        <div class=\"menu-line\">\n          <h3>\n            Striploin, sauce Bearnaise\n          <\/h3>\n                      <p>\n              Uruguay, grainfed\n            <\/p>\n                                              <p>\n                225g 299\n              <\/p>\n                              <\/div>\n                              \n        \n        <div class=\"menu-line\">\n          <h3>\n            Ribeye, sauce Bearnaise\n          <\/h3>\n                      <p>\n              Uruguay, grainfed\n            <\/p>\n                                              <p>\n                275g 399\n              <\/p>\n                          <p>\n                475g 599\n              <\/p>\n                              <\/div>\n                                <\/div>\n      <div class=\"menu-section\">\n      <h2>\n        SIDES\n      <\/h2>\n                      \n        \n        <div class=\"menu-line\">\n          <h3>\n            Foie gras\n          <\/h3>\n                                              <p>\n                85\n              <\/p>\n                              <\/div>\n                              \n        \n        <div class=\"menu-line\">\n          <h3>\n            Pan fried lobster claws\n          <\/h3>\n                                              <p>\n                95\n              <\/p>\n                              <\/div>\n                              \n        \n        <div class=\"menu-line\">\n          <h3>\n            Hand-cut pommes frites\n          <\/h3>\n                                              <p>\n                65\n              <\/p>\n                              <\/div>\n                              \n        \n        <div class=\"menu-line\">\n          <h3>\n            Green salad\n          <\/h3>\n                      <p>\n              Mustard vinaigrette\n            <\/p>\n                                              <p>\n                50\n              <\/p>\n                              <\/div>\n                              \n        \n        <div class=\"menu-line\">\n          <h3>\n            Haricot verts\n          <\/h3>\n                                              <p>\n                65\n              <\/p>\n                              <\/div>\n                              \n        \n        <div class=\"menu-line\">\n          <h3>\n            Peas \u00e0 la francaise\n          <\/h3>\n                                              <p>\n                65\n              <\/p>\n                              <\/div>\n                              \n        \n        <div class=\"menu-line\">\n          <h3>\n            Tomato salad\n          <\/h3>\n                      <p>\n              Burrata, basil, pine nuts\n            <\/p>\n                                              <p>\n                65\n              <\/p>\n                              <\/div>\n                              \n        \n        <div class=\"menu-line\">\n          <h3>\n            Spinach gratin\n          <\/h3>\n                                              <p>\n                65\n              <\/p>\n                              <\/div>\n                  <\/div>\n      <div class=\"menu-section\">\n      <h2>\n        MAIN COURSES\n      <\/h2>\n                      \n        \n        <div class=\"menu-line\">\n          <h3>\n            Spanish Txogitxu tenderloin pepper steak\t\n          <\/h3>\n                      <p>\n              Haricots verts, pepper sauce \n            <\/p>\n                                              <p>\n                395\n              <\/p>\n                              <\/div>\n                              \n        \n        <div class=\"menu-line\">\n          <h3>\n            Chicken fricasse\u00e9 \u00e0 la Retour\n          <\/h3>\n                      <p>\n              Ventr\u00eache bacon, carrots, potatoes, new onions, baby leeks \n            <\/p>\n                                              <p>\n                295\n              <\/p>\n                              <\/div>\n                              \n        \n        <div class=\"menu-line\">\n          <h3>\n            Steak tartare\n          <\/h3>\n                      <p>\n              Beef tenderloin, capers, cornichons, mustard, cognac<br \/>\r\ngreen salad, mustard vinaigrette\n            <\/p>\n                                              <p>\n                185\n              <\/p>\n                              <\/div>\n                              \n        \n        <div class=\"menu-line\">\n          <h3>\n            Neck fillet of Porc Noir de Bigorre\t\n          <\/h3>\n                      <p>\n              Pommes pur\u00e9, salsa verde, peas \u00e0 la francaise, thyme jus\n            <\/p>\n                                              <p>\n                265\n              <\/p>\n                              <\/div>\n                              \n        \n        <div class=\"menu-line\">\n          <h3>\n            600g Spanish ribeye, (recommended for two people)\n          <\/h3>\n                      <p>\n              Green asparagus, wild garlic, morel foam<br \/>\r\nHand-cut pommes frites<br \/>\r\nRed wine sauce and sauce Bearnaise\n            <\/p>\n                                              <p>\n                795\n              <\/p>\n                              <\/div>\n                                <\/div>\n      <div class=\"menu-section\">\n      <h2>\n        CHEESE\/SWEET\n      <\/h2>\n                      \n        \n        <div class=\"menu-line\">\n          <h3>\n            5 French cheeses\n          <\/h3>\n                      <p>\n              Comt\u00e9 36 months, Morbier, Brie de Meaux, Valencay, Forum d&#8217;albert, grilled bread, quince compote\n            <\/p>\n                                              <p>\n                195\n              <\/p>\n                              <\/div>\n                              \n        \n        <div class=\"menu-line\">\n          <h3>\n            Cr\u00e8me br\u00fbl\u00e9e\n          <\/h3>\n                      <p>\n              Caramelized white chocolate, mango ice cream\n            <\/p>\n                                              <p>\n                125\n              <\/p>\n                              <\/div>\n                              \n        \n        <div class=\"menu-line\">\n          <h3>\n            Profiteroles \n          <\/h3>\n                      <p>\n              Vanilla ice cream, chocolate sauce\n            <\/p>\n                                              <p>\n                125\n              <\/p>\n                              <\/div>\n                              \n        \n        <div class=\"menu-line\">\n          <h3>\n            Lemon tart\n          <\/h3>\n                      <p>\n              Pistachio ice cream, meringue\n            <\/p>\n                                              <p>\n                100\n              <\/p>\n                              <\/div>\n                                <\/div>\n  <\/div>\n\n\n\n<p class=\"has-text-align-center has-small-font-size\">WE RESERVE THE RIGHT TO CHANGEPRICES\/MENU IN ACCORDANCE TO SEASONALITY AND AVAILABILITY.<\/p>\n\n\n\n<p class=\"has-text-align-center\">Danish and European companycards will be subject to a surcharge.<br>All creditcards issued outside the EU will be subject to a surcharge.<\/p>\n","protected":false},"excerpt":{"rendered":"","protected":false},"author":1,"featured_media":0,"parent":2329,"menu_order":0,"comment_status":"closed","ping_status":"closed","template":"","meta":{"_acf_changed":false,"footnotes":""},"class_list":["post-2336","page","type-page","status-publish","hentry"],"acf":[],"_links":{"self":[{"href":"https:\/\/restaurantretour.dk\/en\/wp-json\/wp\/v2\/pages\/2336","targetHints":{"allow":["GET"]}}],"collection":[{"href":"https:\/\/restaurantretour.dk\/en\/wp-json\/wp\/v2\/pages"}],"about":[{"href":"https:\/\/restaurantretour.dk\/en\/wp-json\/wp\/v2\/types\/page"}],"author":[{"embeddable":true,"href":"https:\/\/restaurantretour.dk\/en\/wp-json\/wp\/v2\/users\/1"}],"replies":[{"embeddable":true,"href":"https:\/\/restaurantretour.dk\/en\/wp-json\/wp\/v2\/comments?post=2336"}],"version-history":[{"count":6,"href":"https:\/\/restaurantretour.dk\/en\/wp-json\/wp\/v2\/pages\/2336\/revisions"}],"predecessor-version":[{"id":3836,"href":"https:\/\/restaurantretour.dk\/en\/wp-json\/wp\/v2\/pages\/2336\/revisions\/3836"}],"up":[{"embeddable":true,"href":"https:\/\/restaurantretour.dk\/en\/wp-json\/wp\/v2\/pages\/2329"}],"wp:attachment":[{"href":"https:\/\/restaurantretour.dk\/en\/wp-json\/wp\/v2\/media?parent=2336"}],"curies":[{"name":"wp","href":"https:\/\/api.w.org\/{rel}","templated":true}]}}